{"id":6541,"date":"2025-04-24T12:48:48","date_gmt":"2025-04-24T12:48:48","guid":{"rendered":"https:\/\/joule.quattro.dev\/blog\/"},"modified":"2025-10-19T23:53:21","modified_gmt":"2025-10-19T23:53:21","slug":"blog","status":"publish","type":"page","link":"https:\/\/joule.quattro.dev\/fr\/blog\/","title":{"rendered":"Blog"},"content":{"rendered":"\t\t<div data-elementor-type=\"wp-page\" data-elementor-id=\"6541\" class=\"elementor elementor-6541 elementor-4344\" data-elementor-settings=\"{&quot;element_pack_global_tooltip_width&quot;:{&quot;unit&quot;:&quot;px&quot;,&quot;size&quot;:&quot;&quot;,&quot;sizes&quot;:[]},&quot;element_pack_global_tooltip_width_laptop&quot;:{&quot;unit&quot;:&quot;px&quot;,&quot;size&quot;:&quot;&quot;,&quot;sizes&quot;:[]},&quot;element_pack_global_tooltip_width_tablet&quot;:{&quot;unit&quot;:&quot;px&quot;,&quot;size&quot;:&quot;&quot;,&quot;sizes&quot;:[]},&quot;element_pack_global_tooltip_width_mobile&quot;:{&quot;unit&quot;:&quot;px&quot;,&quot;size&quot;:&quot;&quot;,&quot;sizes&quot;:[]},&quot;element_pack_global_tooltip_padding&quot;:{&quot;unit&quot;:&quot;px&quot;,&quot;top&quot;:&quot;&quot;,&quot;right&quot;:&quot;&quot;,&quot;bottom&quot;:&quot;&quot;,&quot;left&quot;:&quot;&quot;,&quot;isLinked&quot;:true},&quot;element_pack_global_tooltip_padding_laptop&quot;:{&quot;unit&quot;:&quot;px&quot;,&quot;top&quot;:&quot;&quot;,&quot;right&quot;:&quot;&quot;,&quot;bottom&quot;:&quot;&quot;,&quot;left&quot;:&quot;&quot;,&quot;isLinked&quot;:true},&quot;element_pack_global_tooltip_padding_tablet&quot;:{&quot;unit&quot;:&quot;px&quot;,&quot;top&quot;:&quot;&quot;,&quot;right&quot;:&quot;&quot;,&quot;bottom&quot;:&quot;&quot;,&quot;left&quot;:&quot;&quot;,&quot;isLinked&quot;:true},&quot;element_pack_global_tooltip_padding_mobile&quot;:{&quot;unit&quot;:&quot;px&quot;,&quot;top&quot;:&quot;&quot;,&quot;right&quot;:&quot;&quot;,&quot;bottom&quot;:&quot;&quot;,&quot;left&quot;:&quot;&quot;,&quot;isLinked&quot;:true},&quot;element_pack_global_tooltip_border_radius&quot;:{&quot;unit&quot;:&quot;px&quot;,&quot;top&quot;:&quot;&quot;,&quot;right&quot;:&quot;&quot;,&quot;bottom&quot;:&quot;&quot;,&quot;left&quot;:&quot;&quot;,&quot;isLinked&quot;:true},&quot;element_pack_global_tooltip_border_radius_laptop&quot;:{&quot;unit&quot;:&quot;px&quot;,&quot;top&quot;:&quot;&quot;,&quot;right&quot;:&quot;&quot;,&quot;bottom&quot;:&quot;&quot;,&quot;left&quot;:&quot;&quot;,&quot;isLinked&quot;:true},&quot;element_pack_global_tooltip_border_radius_tablet&quot;:{&quot;unit&quot;:&quot;px&quot;,&quot;top&quot;:&quot;&quot;,&quot;right&quot;:&quot;&quot;,&quot;bottom&quot;:&quot;&quot;,&quot;left&quot;:&quot;&quot;,&quot;isLinked&quot;:true},&quot;element_pack_global_tooltip_border_radius_mobile&quot;:{&quot;unit&quot;:&quot;px&quot;,&quot;top&quot;:&quot;&quot;,&quot;right&quot;:&quot;&quot;,&quot;bottom&quot;:&quot;&quot;,&quot;left&quot;:&quot;&quot;,&quot;isLinked&quot;:true}}\" data-elementor-post-type=\"page\">\n\t\t\t\t<div class=\"elementor-element elementor-element-eccd314 e-con-full e-flex e-con e-parent\" data-id=\"eccd314\" data-element_type=\"container\">\n\t\t<div class=\"elementor-element elementor-element-0babc5c e-con-full e-flex e-con e-child\" data-id=\"0babc5c\" data-element_type=\"container\" data-settings=\"{&quot;background_background&quot;:&quot;classic&quot;}\">\n\t\t<div class=\"elementor-element elementor-element-cd6b6e5 e-con-full t-wrapper-parent e-flex e-con e-child\" data-id=\"cd6b6e5\" data-element_type=\"container\" data-settings=\"{&quot;background_background&quot;:&quot;classic&quot;}\">\n\t\t<div class=\"elementor-element elementor-element-9b9b72b e-con-full t-wrapper-child e-flex elementor-invisible e-con e-child\" data-id=\"9b9b72b\" data-element_type=\"container\" data-settings=\"{&quot;animation&quot;:&quot;fadeInUp&quot;}\">\n\t\t\t\t<div class=\"elementor-element elementor-element-23ad26e elementor-invisible elementor-widget elementor-widget-heading\" data-id=\"23ad26e\" data-element_type=\"widget\" data-settings=\"{&quot;_animation&quot;:&quot;fadeInUp&quot;,&quot;_animation_delay&quot;:200}\" data-widget_type=\"heading.default\">\n\t\t\t\t<div class=\"elementor-widget-container\">\n\t\t\t\t\t<h1 class=\"elementor-heading-title elementor-size-default\">Blog<\/h1>\t\t\t\t<\/div>\n\t\t\t\t<\/div>\n\t\t\t\t<div class=\"elementor-element elementor-element-19e3974 elementor-widget elementor-widget-heading\" data-id=\"19e3974\" data-element_type=\"widget\" data-widget_type=\"heading.default\">\n\t\t\t\t<div class=\"elementor-widget-container\">\n\t\t\t\t\t<span class=\"elementor-heading-title elementor-size-default\">Perspectives durables<\/span>\t\t\t\t<\/div>\n\t\t\t\t<\/div>\n\t\t\t\t<div class=\"elementor-element elementor-element-20cd323 elementor-widget elementor-widget-heading\" data-id=\"20cd323\" data-element_type=\"widget\" data-widget_type=\"heading.default\">\n\t\t\t\t<div class=\"elementor-widget-container\">\n\t\t\t\t\t<p class=\"elementor-heading-title elementor-size-default\">De la consultation \u00e0 la mise en \u0153uvre, nous rendons la transition vers l\u2019\u00e9nergie propre simple et efficace. D\u00e9couvrez sur notre blog des perspectives, des conseils et des histoires concr\u00e8tes du monde de l\u2019\u00e9nergie solaire, de la mobilit\u00e9 \u00e9lectrique et du mode de vie durable.<\/p>\t\t\t\t<\/div>\n\t\t\t\t<\/div>\n\t\t\t\t<div class=\"elementor-element elementor-element-0850a46 elementor-mobile-align-left elementor-align-right elementor-widget__width-inherit elementor-widget elementor-widget-button\" data-id=\"0850a46\" data-element_type=\"widget\" data-widget_type=\"button.default\">\n\t\t\t\t<div class=\"elementor-widget-container\">\n\t\t\t\t\t\t\t\t\t<div class=\"elementor-button-wrapper\">\n\t\t\t\t\t<a class=\"elementor-button elementor-button-link elementor-size-sm\" href=\"#challenges\">\n\t\t\t\t\t\t<span class=\"elementor-button-content-wrapper\">\n\t\t\t\t\t\t<span class=\"elementor-button-icon\">\n\t\t\t\t<i aria-hidden=\"true\" class=\"ti ti-arrow-down\"><\/i>\t\t\t<\/span>\n\t\t\t\t\t\t\t\t\t<span class=\"elementor-button-text\">D\u00e9couvrir plus<\/span>\n\t\t\t\t\t<\/span>\n\t\t\t\t\t<\/a>\n\t\t\t\t<\/div>\n\t\t\t\t\t\t\t\t<\/div>\n\t\t\t\t<\/div>\n\t\t\t\t<\/div>\n\t\t\t\t<\/div>\n\t\t<div class=\"elementor-element elementor-element-9de2936 e-con-full e-flex e-con e-child\" data-id=\"9de2936\" data-element_type=\"container\" data-settings=\"{&quot;background_background&quot;:&quot;classic&quot;}\">\n\t\t\t\t<\/div>\n\t\t\t\t<\/div>\n\t\t\t\t<\/div>\n\t\t<div class=\"elementor-element elementor-element-d7ee7eb e-flex e-con-boxed e-con e-parent\" data-id=\"d7ee7eb\" data-element_type=\"container\">\n\t\t\t\t\t<div class=\"e-con-inner\">\n\t\t\t\t<div class=\"elementor-element elementor-element-31acefc elementor-invisible elementor-widget elementor-widget-heading\" data-id=\"31acefc\" data-element_type=\"widget\" data-settings=\"{&quot;_animation_delay&quot;:200,&quot;_animation&quot;:&quot;fadeInUp&quot;}\" data-widget_type=\"heading.default\">\n\t\t\t\t<div class=\"elementor-widget-container\">\n\t\t\t\t\t<h2 class=\"elementor-heading-title elementor-size-default\">Lisez nos derniers articles de blog<\/h2>\t\t\t\t<\/div>\n\t\t\t\t<\/div>\n\t\t\t\t<div class=\"elementor-element elementor-element-3f84c8d elementor-grid-2 elementor-grid-tablet-2 elementor-grid-mobile-1 elementor-widget elementor-widget-loop-grid\" data-id=\"3f84c8d\" data-element_type=\"widget\" data-settings=\"{&quot;template_id&quot;:5385,&quot;columns&quot;:2,&quot;row_gap&quot;:{&quot;unit&quot;:&quot;px&quot;,&quot;size&quot;:50,&quot;sizes&quot;:[]},&quot;_skin&quot;:&quot;post&quot;,&quot;columns_tablet&quot;:&quot;2&quot;,&quot;columns_mobile&quot;:&quot;1&quot;,&quot;edit_handle_selector&quot;:&quot;[data-elementor-type=\\&quot;loop-item\\&quot;]&quot;,&quot;row_gap_laptop&quot;:{&quot;unit&quot;:&quot;px&quot;,&quot;size&quot;:&quot;&quot;,&quot;sizes&quot;:[]},&quot;row_gap_tablet&quot;:{&quot;unit&quot;:&quot;px&quot;,&quot;size&quot;:&quot;&quot;,&quot;sizes&quot;:[]},&quot;row_gap_mobile&quot;:{&quot;unit&quot;:&quot;px&quot;,&quot;size&quot;:&quot;&quot;,&quot;sizes&quot;:[]}}\" data-widget_type=\"loop-grid.post\">\n\t\t\t\t<div class=\"elementor-widget-container\">\n\t\t\t\t\t\t\t<div class=\"elementor-loop-container elementor-grid\">\n\t\t<style id=\"loop-5385\">.elementor-5385 .elementor-element.elementor-element-97581e8{--display:flex;--margin-top:0px;--margin-bottom:0px;--margin-left:0px;--margin-right:0px;--padding-top:0px;--padding-bottom:0px;--padding-left:0px;--padding-right:0px;}.elementor-5385 .elementor-element.elementor-element-5e83757 img{border-radius:6px 6px 6px 6px;}.elementor-5385 .elementor-element.elementor-element-da46ce8{--display:flex;}.elementor-5385 .elementor-element.elementor-element-da46ce8.e-con{--flex-grow:1;--flex-shrink:0;}.elementor-5385 .elementor-element.elementor-element-7d8ad8e .elementor-heading-title{font-size:24px;}.elementor-5385 .elementor-element.elementor-element-11f385b{--display:flex;--padding-top:0px;--padding-bottom:0px;--padding-left:10px;--padding-right:10px;}.elementor-5385 .elementor-element.elementor-element-fe20547.elementor-element{--align-self:flex-start;}.elementor-5385 .elementor-element.elementor-element-fe20547 .elementor-button-content-wrapper{flex-direction:row-reverse;}.elementor-5385 .elementor-element.elementor-element-fe20547 .elementor-button .elementor-button-content-wrapper{gap:20px;}\/* Start custom CSS for image, class: .elementor-element-5e83757 *\/.elementor-5385 .elementor-element.elementor-element-5e83757 .elementor-widget-container {\n    overflow: hidden;\n    border-radius: 6px;\n}\n\n.elementor-5385 .elementor-element.elementor-element-5e83757 .elementor-widget-container img {\n    transition: transform .8s cubic-bezier(.075,.82,.165,1);\n}\n\n.blog-card:hover img {\n    transform: scale(1.2);\n}\/* End custom CSS *\/\n\/* Start custom CSS for button, class: .elementor-element-fe20547 *\/.blog-card:hover .elementor-button-text {\n    text-decoration: underline;\n}\/* End custom CSS *\/<\/style>\t\t<div data-elementor-type=\"loop-item\" data-elementor-id=\"5385\" class=\"elementor elementor-5385 e-loop-item e-loop-item-1843 post-1843 post type-post status-publish format-standard has-post-thumbnail hentry category-energies-fr\" data-elementor-post-type=\"elementor_library\" data-custom-edit-handle=\"1\">\n\t\t\t<div data-ep-wrapper-link=\"{&quot;url&quot;:&quot;https:\\\/\\\/joule.quattro.dev\\\/fr\\\/article-1\\\/&quot;,&quot;is_external&quot;:&quot;&quot;,&quot;nofollow&quot;:&quot;&quot;,&quot;custom_attributes&quot;:&quot;&quot;}\" style=\"cursor: pointer\" class=\"bdt-element-link elementor-element elementor-element-97581e8 blog-card e-con-full e-flex elementor-invisible e-con e-parent\" data-id=\"97581e8\" data-element_type=\"container\" data-settings=\"{&quot;animation&quot;:&quot;fadeInUp&quot;}\">\n\t\t\t\t<div class=\"elementor-element elementor-element-5e83757 elementor-widget elementor-widget-image\" data-id=\"5e83757\" data-element_type=\"widget\" data-widget_type=\"image.default\">\n\t\t\t\t<div class=\"elementor-widget-container\">\n\t\t\t\t\t\t\t\t\t\t\t\t\t\t\t<img decoding=\"async\" src=\"https:\/\/joule.quattro.dev\/wp-content\/uploads\/elementor\/thumbs\/case_study-r9f9vr5x9e0tzoiv2b8drkw22862x6bqh3eiwpvc3k.jpg\" title=\"case_study\" alt=\"case_study\" loading=\"lazy\" \/>\t\t\t\t\t\t\t\t\t\t\t\t\t\t\t<\/div>\n\t\t\t\t<\/div>\n\t\t<div class=\"elementor-element elementor-element-da46ce8 e-con-full e-flex e-con e-child\" data-id=\"da46ce8\" data-element_type=\"container\">\n\t\t\t\t<div class=\"elementor-element elementor-element-7d8ad8e elementor-widget elementor-widget-theme-post-title elementor-page-title elementor-widget-heading\" data-id=\"7d8ad8e\" data-element_type=\"widget\" data-widget_type=\"theme-post-title.default\">\n\t\t\t\t<div class=\"elementor-widget-container\">\n\t\t\t\t\t<h3 class=\"elementor-heading-title elementor-size-default\">Article 1 FR<\/h3>\t\t\t\t<\/div>\n\t\t\t\t<\/div>\n\t\t\t\t<div class=\"elementor-element elementor-element-d291d93 elementor-widget elementor-widget-theme-post-excerpt\" data-id=\"d291d93\" data-element_type=\"widget\" data-widget_type=\"theme-post-excerpt.default\">\n\t\t\t\t<div class=\"elementor-widget-container\">\n\t\t\t\t\tLorem ipsum dolor sit amet, consectetur adipiscing elit. Cras tincidunt finibus ullamcorper. Mauris euismod malesuada eros, ac commodo nibh pretium accumsan.\t\t\t\t<\/div>\n\t\t\t\t<\/div>\n\t\t\t\t<\/div>\n\t\t<div class=\"elementor-element elementor-element-11f385b e-con-full e-flex e-con e-child\" data-id=\"11f385b\" data-element_type=\"container\">\n\t\t\t\t<div class=\"elementor-element elementor-element-fe20547 btn-arrow elementor-widget elementor-widget-button\" data-id=\"fe20547\" data-element_type=\"widget\" data-widget_type=\"button.default\">\n\t\t\t\t<div class=\"elementor-widget-container\">\n\t\t\t\t\t\t\t\t\t<div class=\"elementor-button-wrapper\">\n\t\t\t\t\t<a class=\"elementor-button elementor-button-link elementor-size-sm\" href=\"https:\/\/joule.quattro.dev\/fr\/article-1\/\">\n\t\t\t\t\t\t<span class=\"elementor-button-content-wrapper\">\n\t\t\t\t\t\t<span class=\"elementor-button-icon\">\n\t\t\t\t<svg aria-hidden=\"true\" class=\"e-font-icon-svg e-fas-arrow-right\" viewBox=\"0 0 448 512\" xmlns=\"http:\/\/www.w3.org\/2000\/svg\"><path d=\"M190.5 66.9l22.2-22.2c9.4-9.4 24.6-9.4 33.9 0L441 239c9.4 9.4 9.4 24.6 0 33.9L246.6 467.3c-9.4 9.4-24.6 9.4-33.9 0l-22.2-22.2c-9.5-9.5-9.3-25 .4-34.3L311.4 296H24c-13.3 0-24-10.7-24-24v-32c0-13.3 10.7-24 24-24h287.4L190.9 101.2c-9.8-9.3-10-24.8-.4-34.3z\"><\/path><\/svg>\t\t\t<\/span>\n\t\t\t\t\t\t\t\t\t<span class=\"elementor-button-text\">Read more<\/span>\n\t\t\t\t\t<\/span>\n\t\t\t\t\t<\/a>\n\t\t\t\t<\/div>\n\t\t\t\t\t\t\t\t<\/div>\n\t\t\t\t<\/div>\n\t\t\t\t<\/div>\n\t\t\t\t<\/div>\n\t\t\t\t<\/div>\n\t\t\t\t<\/div>\n\t\t\n\t\t\t\t\t\t<\/div>\n\t\t\t\t<\/div>\n\t\t\t\t\t<\/div>\n\t\t\t\t<\/div>\n\t\t\t\t<\/div>\n\t\t","protected":false},"excerpt":{"rendered":"<p>Blog Perspectives durables De la consultation \u00e0 la mise en \u0153uvre, nous rendons la transition vers l\u2019\u00e9nergie propre simple et efficace. D\u00e9couvrez [&hellip;]<\/p>\n","protected":false},"author":1,"featured_media":0,"parent":0,"menu_order":0,"comment_status":"closed","ping_status":"closed","template":"","meta":{"_acf_changed":false,"footnotes":""},"class_list":["post-6541","page","type-page","status-publish","hentry"],"acf":[],"yoast_head":"<!-- This site is optimized with the Yoast SEO Premium plugin v24.4 (Yoast SEO v25.5) - https:\/\/yoast.com\/wordpress\/plugins\/seo\/ -->\n<title>Blog - sustainable living<\/title>\n<meta name=\"robots\" content=\"noindex, follow, max-snippet:-1, max-image-preview:large, max-video-preview:-1\" \/>\n<meta property=\"og:locale\" content=\"fr_FR\" \/>\n<meta property=\"og:type\" content=\"article\" \/>\n<meta property=\"og:title\" content=\"Blog\" \/>\n<meta property=\"og:description\" content=\"Blog Perspectives durables De la consultation \u00e0 la mise en \u0153uvre, nous rendons la transition vers l\u2019\u00e9nergie propre simple et efficace. D\u00e9couvrez [&hellip;]\" \/>\n<meta property=\"og:url\" content=\"https:\/\/joule.quattro.dev\/fr\/blog\/\" \/>\n<meta property=\"og:site_name\" content=\"sustainable living\" \/>\n<meta property=\"article:modified_time\" content=\"2025-10-19T23:53:21+00:00\" \/>\n<meta name=\"twitter:card\" content=\"summary_large_image\" \/>\n<meta name=\"twitter:label1\" content=\"Dur\u00e9e de lecture estim\u00e9e\" \/>\n\t<meta name=\"twitter:data1\" content=\"1 minute\" \/>\n<script type=\"application\/ld+json\" class=\"yoast-schema-graph\">{\"@context\":\"https:\/\/schema.org\",\"@graph\":[{\"@type\":\"WebPage\",\"@id\":\"https:\/\/joule.quattro.dev\/fr\/blog\/\",\"url\":\"https:\/\/joule.quattro.dev\/fr\/blog\/\",\"name\":\"Blog - sustainable living\",\"isPartOf\":{\"@id\":\"https:\/\/joule.quattro.dev\/fr\/#website\"},\"datePublished\":\"2025-04-24T12:48:48+00:00\",\"dateModified\":\"2025-10-19T23:53:21+00:00\",\"breadcrumb\":{\"@id\":\"https:\/\/joule.quattro.dev\/fr\/blog\/#breadcrumb\"},\"inLanguage\":\"fr-FR\",\"potentialAction\":[{\"@type\":\"ReadAction\",\"target\":[\"https:\/\/joule.quattro.dev\/fr\/blog\/\"]}]},{\"@type\":\"BreadcrumbList\",\"@id\":\"https:\/\/joule.quattro.dev\/fr\/blog\/#breadcrumb\",\"itemListElement\":[{\"@type\":\"ListItem\",\"position\":1,\"name\":\"Home\",\"item\":\"https:\/\/joule.quattro.dev\/fr\/\"},{\"@type\":\"ListItem\",\"position\":2,\"name\":\"Blog\"}]},{\"@type\":\"WebSite\",\"@id\":\"https:\/\/joule.quattro.dev\/fr\/#website\",\"url\":\"https:\/\/joule.quattro.dev\/fr\/\",\"name\":\"sustainable living\",\"description\":\"\",\"publisher\":{\"@id\":\"https:\/\/joule.quattro.dev\/fr\/#organization\"},\"potentialAction\":[{\"@type\":\"SearchAction\",\"target\":{\"@type\":\"EntryPoint\",\"urlTemplate\":\"https:\/\/joule.quattro.dev\/fr\/?s={search_term_string}\"},\"query-input\":{\"@type\":\"PropertyValueSpecification\",\"valueRequired\":true,\"valueName\":\"search_term_string\"}}],\"inLanguage\":\"fr-FR\"},{\"@type\":\"Organization\",\"@id\":\"https:\/\/joule.quattro.dev\/fr\/#organization\",\"name\":\"sustainable living\",\"url\":\"https:\/\/joule.quattro.dev\/fr\/\",\"logo\":{\"@type\":\"ImageObject\",\"inLanguage\":\"fr-FR\",\"@id\":\"https:\/\/joule.quattro.dev\/fr\/#\/schema\/logo\/image\/\",\"url\":\"https:\/\/joule.quattro.dev\/wp-content\/uploads\/2024\/08\/joule-logo-animation.gif\",\"contentUrl\":\"https:\/\/joule.quattro.dev\/wp-content\/uploads\/2024\/08\/joule-logo-animation.gif\",\"width\":374,\"height\":216,\"caption\":\"sustainable living\"},\"image\":{\"@id\":\"https:\/\/joule.quattro.dev\/fr\/#\/schema\/logo\/image\/\"}}]}<\/script>\n<!-- \/ Yoast SEO Premium plugin. -->","yoast_head_json":{"title":"Blog - sustainable living","robots":{"index":"noindex","follow":"follow","max-snippet":"max-snippet:-1","max-image-preview":"max-image-preview:large","max-video-preview":"max-video-preview:-1"},"og_locale":"fr_FR","og_type":"article","og_title":"Blog","og_description":"Blog Perspectives durables De la consultation \u00e0 la mise en \u0153uvre, nous rendons la transition vers l\u2019\u00e9nergie propre simple et efficace. D\u00e9couvrez [&hellip;]","og_url":"https:\/\/joule.quattro.dev\/fr\/blog\/","og_site_name":"sustainable living","article_modified_time":"2025-10-19T23:53:21+00:00","twitter_card":"summary_large_image","twitter_misc":{"Dur\u00e9e de lecture estim\u00e9e":"1 minute"},"schema":{"@context":"https:\/\/schema.org","@graph":[{"@type":"WebPage","@id":"https:\/\/joule.quattro.dev\/fr\/blog\/","url":"https:\/\/joule.quattro.dev\/fr\/blog\/","name":"Blog - sustainable living","isPartOf":{"@id":"https:\/\/joule.quattro.dev\/fr\/#website"},"datePublished":"2025-04-24T12:48:48+00:00","dateModified":"2025-10-19T23:53:21+00:00","breadcrumb":{"@id":"https:\/\/joule.quattro.dev\/fr\/blog\/#breadcrumb"},"inLanguage":"fr-FR","potentialAction":[{"@type":"ReadAction","target":["https:\/\/joule.quattro.dev\/fr\/blog\/"]}]},{"@type":"BreadcrumbList","@id":"https:\/\/joule.quattro.dev\/fr\/blog\/#breadcrumb","itemListElement":[{"@type":"ListItem","position":1,"name":"Home","item":"https:\/\/joule.quattro.dev\/fr\/"},{"@type":"ListItem","position":2,"name":"Blog"}]},{"@type":"WebSite","@id":"https:\/\/joule.quattro.dev\/fr\/#website","url":"https:\/\/joule.quattro.dev\/fr\/","name":"sustainable living","description":"","publisher":{"@id":"https:\/\/joule.quattro.dev\/fr\/#organization"},"potentialAction":[{"@type":"SearchAction","target":{"@type":"EntryPoint","urlTemplate":"https:\/\/joule.quattro.dev\/fr\/?s={search_term_string}"},"query-input":{"@type":"PropertyValueSpecification","valueRequired":true,"valueName":"search_term_string"}}],"inLanguage":"fr-FR"},{"@type":"Organization","@id":"https:\/\/joule.quattro.dev\/fr\/#organization","name":"sustainable living","url":"https:\/\/joule.quattro.dev\/fr\/","logo":{"@type":"ImageObject","inLanguage":"fr-FR","@id":"https:\/\/joule.quattro.dev\/fr\/#\/schema\/logo\/image\/","url":"https:\/\/joule.quattro.dev\/wp-content\/uploads\/2024\/08\/joule-logo-animation.gif","contentUrl":"https:\/\/joule.quattro.dev\/wp-content\/uploads\/2024\/08\/joule-logo-animation.gif","width":374,"height":216,"caption":"sustainable living"},"image":{"@id":"https:\/\/joule.quattro.dev\/fr\/#\/schema\/logo\/image\/"}}]}},"_links":{"self":[{"href":"https:\/\/joule.quattro.dev\/fr\/wp-json\/wp\/v2\/pages\/6541","targetHints":{"allow":["GET"]}}],"collection":[{"href":"https:\/\/joule.quattro.dev\/fr\/wp-json\/wp\/v2\/pages"}],"about":[{"href":"https:\/\/joule.quattro.dev\/fr\/wp-json\/wp\/v2\/types\/page"}],"author":[{"embeddable":true,"href":"https:\/\/joule.quattro.dev\/fr\/wp-json\/wp\/v2\/users\/1"}],"replies":[{"embeddable":true,"href":"https:\/\/joule.quattro.dev\/fr\/wp-json\/wp\/v2\/comments?post=6541"}],"version-history":[{"count":3,"href":"https:\/\/joule.quattro.dev\/fr\/wp-json\/wp\/v2\/pages\/6541\/revisions"}],"predecessor-version":[{"id":6853,"href":"https:\/\/joule.quattro.dev\/fr\/wp-json\/wp\/v2\/pages\/6541\/revisions\/6853"}],"wp:attachment":[{"href":"https:\/\/joule.quattro.dev\/fr\/wp-json\/wp\/v2\/media?parent=6541"}],"curies":[{"name":"wp","href":"https:\/\/api.w.org\/{rel}","templated":true}]}}