{"id":6601,"date":"2025-03-25T08:21:59","date_gmt":"2025-03-25T08:21:59","guid":{"rendered":"https:\/\/joule.quattro.dev\/join-us\/"},"modified":"2025-10-20T00:16:29","modified_gmt":"2025-10-20T00:16:29","slug":"join-us","status":"publish","type":"page","link":"https:\/\/joule.quattro.dev\/fr\/join-us\/","title":{"rendered":"Join us"},"content":{"rendered":"\t\t<div data-elementor-type=\"wp-page\" data-elementor-id=\"6601\" class=\"elementor elementor-6601 elementor-2850\" data-elementor-settings=\"{&quot;element_pack_global_tooltip_width&quot;:{&quot;unit&quot;:&quot;px&quot;,&quot;size&quot;:&quot;&quot;,&quot;sizes&quot;:[]},&quot;element_pack_global_tooltip_width_laptop&quot;:{&quot;unit&quot;:&quot;px&quot;,&quot;size&quot;:&quot;&quot;,&quot;sizes&quot;:[]},&quot;element_pack_global_tooltip_width_tablet&quot;:{&quot;unit&quot;:&quot;px&quot;,&quot;size&quot;:&quot;&quot;,&quot;sizes&quot;:[]},&quot;element_pack_global_tooltip_width_mobile&quot;:{&quot;unit&quot;:&quot;px&quot;,&quot;size&quot;:&quot;&quot;,&quot;sizes&quot;:[]},&quot;element_pack_global_tooltip_padding&quot;:{&quot;unit&quot;:&quot;px&quot;,&quot;top&quot;:&quot;&quot;,&quot;right&quot;:&quot;&quot;,&quot;bottom&quot;:&quot;&quot;,&quot;left&quot;:&quot;&quot;,&quot;isLinked&quot;:true},&quot;element_pack_global_tooltip_padding_laptop&quot;:{&quot;unit&quot;:&quot;px&quot;,&quot;top&quot;:&quot;&quot;,&quot;right&quot;:&quot;&quot;,&quot;bottom&quot;:&quot;&quot;,&quot;left&quot;:&quot;&quot;,&quot;isLinked&quot;:true},&quot;element_pack_global_tooltip_padding_tablet&quot;:{&quot;unit&quot;:&quot;px&quot;,&quot;top&quot;:&quot;&quot;,&quot;right&quot;:&quot;&quot;,&quot;bottom&quot;:&quot;&quot;,&quot;left&quot;:&quot;&quot;,&quot;isLinked&quot;:true},&quot;element_pack_global_tooltip_padding_mobile&quot;:{&quot;unit&quot;:&quot;px&quot;,&quot;top&quot;:&quot;&quot;,&quot;right&quot;:&quot;&quot;,&quot;bottom&quot;:&quot;&quot;,&quot;left&quot;:&quot;&quot;,&quot;isLinked&quot;:true},&quot;element_pack_global_tooltip_border_radius&quot;:{&quot;unit&quot;:&quot;px&quot;,&quot;top&quot;:&quot;&quot;,&quot;right&quot;:&quot;&quot;,&quot;bottom&quot;:&quot;&quot;,&quot;left&quot;:&quot;&quot;,&quot;isLinked&quot;:true},&quot;element_pack_global_tooltip_border_radius_laptop&quot;:{&quot;unit&quot;:&quot;px&quot;,&quot;top&quot;:&quot;&quot;,&quot;right&quot;:&quot;&quot;,&quot;bottom&quot;:&quot;&quot;,&quot;left&quot;:&quot;&quot;,&quot;isLinked&quot;:true},&quot;element_pack_global_tooltip_border_radius_tablet&quot;:{&quot;unit&quot;:&quot;px&quot;,&quot;top&quot;:&quot;&quot;,&quot;right&quot;:&quot;&quot;,&quot;bottom&quot;:&quot;&quot;,&quot;left&quot;:&quot;&quot;,&quot;isLinked&quot;:true},&quot;element_pack_global_tooltip_border_radius_mobile&quot;:{&quot;unit&quot;:&quot;px&quot;,&quot;top&quot;:&quot;&quot;,&quot;right&quot;:&quot;&quot;,&quot;bottom&quot;:&quot;&quot;,&quot;left&quot;:&quot;&quot;,&quot;isLinked&quot;:true}}\" data-elementor-post-type=\"page\">\n\t\t\t\t<div class=\"elementor-element elementor-element-d275f6a e-con-full e-flex e-con e-parent\" data-id=\"d275f6a\" data-element_type=\"container\">\n\t\t<div class=\"elementor-element elementor-element-4437368 e-con-full e-flex e-con e-child\" data-id=\"4437368\" data-element_type=\"container\" data-settings=\"{&quot;background_background&quot;:&quot;classic&quot;}\">\n\t\t<div class=\"elementor-element elementor-element-f19ad6c e-con-full t-wrapper-parent e-flex e-con e-child\" data-id=\"f19ad6c\" data-element_type=\"container\" data-settings=\"{&quot;background_background&quot;:&quot;classic&quot;}\">\n\t\t<div class=\"elementor-element elementor-element-7a146f9 e-con-full t-wrapper-child e-flex elementor-invisible e-con e-child\" data-id=\"7a146f9\" data-element_type=\"container\" data-settings=\"{&quot;animation&quot;:&quot;fadeInUp&quot;}\">\n\t\t\t\t<div class=\"elementor-element elementor-element-64551bd elementor-invisible elementor-widget elementor-widget-heading\" data-id=\"64551bd\" data-element_type=\"widget\" data-settings=\"{&quot;_animation&quot;:&quot;fadeInUp&quot;,&quot;_animation_delay&quot;:200}\" data-widget_type=\"heading.default\">\n\t\t\t\t<div class=\"elementor-widget-container\">\n\t\t\t\t\t<h1 class=\"elementor-heading-title elementor-size-default\">\u00c0 propos<\/h1>\t\t\t\t<\/div>\n\t\t\t\t<\/div>\n\t\t\t\t<div class=\"elementor-element elementor-element-0046b43 elementor-widget elementor-widget-heading\" data-id=\"0046b43\" data-element_type=\"widget\" data-widget_type=\"heading.default\">\n\t\t\t\t<div class=\"elementor-widget-container\">\n\t\t\t\t\t<span class=\"elementor-heading-title elementor-size-default\">Ensemble, avan\u00e7ons avec le soleil !<\/span>\t\t\t\t<\/div>\n\t\t\t\t<\/div>\n\t\t\t\t<div class=\"elementor-element elementor-element-97f799e elementor-widget elementor-widget-heading\" data-id=\"97f799e\" data-element_type=\"widget\" data-widget_type=\"heading.default\">\n\t\t\t\t<div class=\"elementor-widget-container\">\n\t\t\t\t\t<p class=\"elementor-heading-title elementor-size-default\">Vous cherchez une carri\u00e8re o\u00f9 vous pouvez faire avancer la transition \u00e9nerg\u00e9tique ? Chez Joule, nous sommes passionn\u00e9s par les solutions durables et recherchons toujours des esprits motiv\u00e9s pour grandir avec nous. Si vous \u00eates pr\u00eat(e) \u00e0 avoir un impact dans un secteur en pleine \u00e9volution, consultez nos postes ouverts et faites partie du changement !<\/p>\t\t\t\t<\/div>\n\t\t\t\t<\/div>\n\t\t\t\t<div class=\"elementor-element elementor-element-6fc317f elementor-mobile-align-left elementor-align-right elementor-widget__width-inherit elementor-widget elementor-widget-button\" data-id=\"6fc317f\" data-element_type=\"widget\" data-widget_type=\"button.default\">\n\t\t\t\t<div class=\"elementor-widget-container\">\n\t\t\t\t\t\t\t\t\t<div class=\"elementor-button-wrapper\">\n\t\t\t\t\t<a class=\"elementor-button elementor-button-link elementor-size-sm\" href=\"#challenges\">\n\t\t\t\t\t\t<span class=\"elementor-button-content-wrapper\">\n\t\t\t\t\t\t<span class=\"elementor-button-icon\">\n\t\t\t\t<i aria-hidden=\"true\" class=\"ti ti-arrow-down\"><\/i>\t\t\t<\/span>\n\t\t\t\t\t\t\t\t\t<span class=\"elementor-button-text\">D\u00e9couvrir plus<\/span>\n\t\t\t\t\t<\/span>\n\t\t\t\t\t<\/a>\n\t\t\t\t<\/div>\n\t\t\t\t\t\t\t\t<\/div>\n\t\t\t\t<\/div>\n\t\t\t\t<\/div>\n\t\t\t\t<\/div>\n\t\t<div class=\"elementor-element elementor-element-b52de09 e-con-full e-flex e-con e-child\" data-id=\"b52de09\" data-element_type=\"container\" data-settings=\"{&quot;background_background&quot;:&quot;classic&quot;}\">\n\t\t\t\t<\/div>\n\t\t\t\t<\/div>\n\t\t\t\t<\/div>\n\t\t<div class=\"elementor-element elementor-element-017648f e-flex e-con-boxed elementor-invisible e-con e-parent\" data-id=\"017648f\" data-element_type=\"container\" id=\"jobs\" data-settings=\"{&quot;animation&quot;:&quot;fadeInUp&quot;}\">\n\t\t\t\t\t<div class=\"e-con-inner\">\n\t\t\t\t<div class=\"elementor-element elementor-element-4cdf3c9 elementor-widget elementor-widget-heading\" data-id=\"4cdf3c9\" data-element_type=\"widget\" data-settings=\"{&quot;_animation&quot;:&quot;none&quot;}\" data-widget_type=\"heading.default\">\n\t\t\t\t<div class=\"elementor-widget-container\">\n\t\t\t\t\t<h2 class=\"elementor-heading-title elementor-size-default\">Check out our latest job offers<\/h2>\t\t\t\t<\/div>\n\t\t\t\t<\/div>\n\t\t\t\t<div class=\"elementor-element elementor-element-ab869af elementor-widget elementor-widget-html\" data-id=\"ab869af\" data-element_type=\"widget\" data-settings=\"{&quot;_animation&quot;:&quot;none&quot;}\" data-widget_type=\"html.default\">\n\t\t\t\t<div class=\"elementor-widget-container\">\n\t\t\t\t\t<iframe height=\"520\" id=\"iframe-eturnity\" src=\"https:\/\/app.skeeled.com\/board\/67dc3a60981676167ec2cb29\" frameborder=\"0\"><\/iframe>\t\t\t\t<\/div>\n\t\t\t\t<\/div>\n\t\t\t\t\t<\/div>\n\t\t\t\t<\/div>\n\t\t\t\t<\/div>\n\t\t","protected":false},"excerpt":{"rendered":"<p>\u00c0 propos Ensemble, avan\u00e7ons avec le soleil ! Vous cherchez une carri\u00e8re o\u00f9 vous pouvez faire avancer la transition \u00e9nerg\u00e9tique ? Chez [&hellip;]<\/p>\n","protected":false},"author":1,"featured_media":0,"parent":0,"menu_order":0,"comment_status":"closed","ping_status":"closed","template":"","meta":{"_acf_changed":false,"footnotes":""},"class_list":["post-6601","page","type-page","status-publish","hentry"],"acf":[],"yoast_head":"<!-- This site is optimized with the Yoast SEO Premium plugin v24.4 (Yoast SEO v25.5) - https:\/\/yoast.com\/wordpress\/plugins\/seo\/ -->\n<title>Joule - Solar panels, e-mobility for a sustainable living.<\/title>\n<meta name=\"description\" content=\"Joule installs solar panels and advances e-mobility, empowering everyone to embrace the eco-revolution and thrive in the energy transition.\" \/>\n<meta name=\"robots\" content=\"noindex, follow, max-snippet:-1, max-image-preview:large, max-video-preview:-1\" \/>\n<meta property=\"og:locale\" content=\"fr_FR\" \/>\n<meta property=\"og:type\" content=\"article\" \/>\n<meta property=\"og:title\" content=\"Join us\" \/>\n<meta property=\"og:description\" content=\"Joule installs solar panels and advances e-mobility, empowering everyone to embrace the eco-revolution and thrive in the energy transition.\" \/>\n<meta property=\"og:url\" content=\"https:\/\/joule.quattro.dev\/fr\/join-us\/\" \/>\n<meta property=\"og:site_name\" content=\"sustainable living\" \/>\n<meta property=\"article:modified_time\" content=\"2025-10-20T00:16:29+00:00\" \/>\n<meta name=\"twitter:card\" content=\"summary_large_image\" \/>\n<meta name=\"twitter:label1\" content=\"Dur\u00e9e de lecture estim\u00e9e\" \/>\n\t<meta name=\"twitter:data1\" content=\"1 minute\" \/>\n<script type=\"application\/ld+json\" class=\"yoast-schema-graph\">{\"@context\":\"https:\/\/schema.org\",\"@graph\":[{\"@type\":\"WebPage\",\"@id\":\"https:\/\/joule.quattro.dev\/fr\/join-us\/\",\"url\":\"https:\/\/joule.quattro.dev\/fr\/join-us\/\",\"name\":\"Joule - Solar panels, e-mobility for a sustainable living.\",\"isPartOf\":{\"@id\":\"https:\/\/joule.quattro.dev\/fr\/#website\"},\"datePublished\":\"2025-03-25T08:21:59+00:00\",\"dateModified\":\"2025-10-20T00:16:29+00:00\",\"description\":\"Joule installs solar panels and advances e-mobility, empowering everyone to embrace the eco-revolution and thrive in the energy transition.\",\"breadcrumb\":{\"@id\":\"https:\/\/joule.quattro.dev\/fr\/join-us\/#breadcrumb\"},\"inLanguage\":\"fr-FR\",\"potentialAction\":[{\"@type\":\"ReadAction\",\"target\":[\"https:\/\/joule.quattro.dev\/fr\/join-us\/\"]}]},{\"@type\":\"BreadcrumbList\",\"@id\":\"https:\/\/joule.quattro.dev\/fr\/join-us\/#breadcrumb\",\"itemListElement\":[{\"@type\":\"ListItem\",\"position\":1,\"name\":\"Home\",\"item\":\"https:\/\/joule.quattro.dev\/fr\/\"},{\"@type\":\"ListItem\",\"position\":2,\"name\":\"Join us\"}]},{\"@type\":\"WebSite\",\"@id\":\"https:\/\/joule.quattro.dev\/fr\/#website\",\"url\":\"https:\/\/joule.quattro.dev\/fr\/\",\"name\":\"sustainable living\",\"description\":\"\",\"publisher\":{\"@id\":\"https:\/\/joule.quattro.dev\/fr\/#organization\"},\"potentialAction\":[{\"@type\":\"SearchAction\",\"target\":{\"@type\":\"EntryPoint\",\"urlTemplate\":\"https:\/\/joule.quattro.dev\/fr\/?s={search_term_string}\"},\"query-input\":{\"@type\":\"PropertyValueSpecification\",\"valueRequired\":true,\"valueName\":\"search_term_string\"}}],\"inLanguage\":\"fr-FR\"},{\"@type\":\"Organization\",\"@id\":\"https:\/\/joule.quattro.dev\/fr\/#organization\",\"name\":\"sustainable living\",\"url\":\"https:\/\/joule.quattro.dev\/fr\/\",\"logo\":{\"@type\":\"ImageObject\",\"inLanguage\":\"fr-FR\",\"@id\":\"https:\/\/joule.quattro.dev\/fr\/#\/schema\/logo\/image\/\",\"url\":\"https:\/\/joule.quattro.dev\/wp-content\/uploads\/2024\/08\/joule-logo-animation.gif\",\"contentUrl\":\"https:\/\/joule.quattro.dev\/wp-content\/uploads\/2024\/08\/joule-logo-animation.gif\",\"width\":374,\"height\":216,\"caption\":\"sustainable living\"},\"image\":{\"@id\":\"https:\/\/joule.quattro.dev\/fr\/#\/schema\/logo\/image\/\"}}]}<\/script>\n<!-- \/ Yoast SEO Premium plugin. -->","yoast_head_json":{"title":"Joule - Solar panels, e-mobility for a sustainable living.","description":"Joule installs solar panels and advances e-mobility, empowering everyone to embrace the eco-revolution and thrive in the energy transition.","robots":{"index":"noindex","follow":"follow","max-snippet":"max-snippet:-1","max-image-preview":"max-image-preview:large","max-video-preview":"max-video-preview:-1"},"og_locale":"fr_FR","og_type":"article","og_title":"Join us","og_description":"Joule installs solar panels and advances e-mobility, empowering everyone to embrace the eco-revolution and thrive in the energy transition.","og_url":"https:\/\/joule.quattro.dev\/fr\/join-us\/","og_site_name":"sustainable living","article_modified_time":"2025-10-20T00:16:29+00:00","twitter_card":"summary_large_image","twitter_misc":{"Dur\u00e9e de lecture estim\u00e9e":"1 minute"},"schema":{"@context":"https:\/\/schema.org","@graph":[{"@type":"WebPage","@id":"https:\/\/joule.quattro.dev\/fr\/join-us\/","url":"https:\/\/joule.quattro.dev\/fr\/join-us\/","name":"Joule - Solar panels, e-mobility for a sustainable living.","isPartOf":{"@id":"https:\/\/joule.quattro.dev\/fr\/#website"},"datePublished":"2025-03-25T08:21:59+00:00","dateModified":"2025-10-20T00:16:29+00:00","description":"Joule installs solar panels and advances e-mobility, empowering everyone to embrace the eco-revolution and thrive in the energy transition.","breadcrumb":{"@id":"https:\/\/joule.quattro.dev\/fr\/join-us\/#breadcrumb"},"inLanguage":"fr-FR","potentialAction":[{"@type":"ReadAction","target":["https:\/\/joule.quattro.dev\/fr\/join-us\/"]}]},{"@type":"BreadcrumbList","@id":"https:\/\/joule.quattro.dev\/fr\/join-us\/#breadcrumb","itemListElement":[{"@type":"ListItem","position":1,"name":"Home","item":"https:\/\/joule.quattro.dev\/fr\/"},{"@type":"ListItem","position":2,"name":"Join us"}]},{"@type":"WebSite","@id":"https:\/\/joule.quattro.dev\/fr\/#website","url":"https:\/\/joule.quattro.dev\/fr\/","name":"sustainable living","description":"","publisher":{"@id":"https:\/\/joule.quattro.dev\/fr\/#organization"},"potentialAction":[{"@type":"SearchAction","target":{"@type":"EntryPoint","urlTemplate":"https:\/\/joule.quattro.dev\/fr\/?s={search_term_string}"},"query-input":{"@type":"PropertyValueSpecification","valueRequired":true,"valueName":"search_term_string"}}],"inLanguage":"fr-FR"},{"@type":"Organization","@id":"https:\/\/joule.quattro.dev\/fr\/#organization","name":"sustainable living","url":"https:\/\/joule.quattro.dev\/fr\/","logo":{"@type":"ImageObject","inLanguage":"fr-FR","@id":"https:\/\/joule.quattro.dev\/fr\/#\/schema\/logo\/image\/","url":"https:\/\/joule.quattro.dev\/wp-content\/uploads\/2024\/08\/joule-logo-animation.gif","contentUrl":"https:\/\/joule.quattro.dev\/wp-content\/uploads\/2024\/08\/joule-logo-animation.gif","width":374,"height":216,"caption":"sustainable living"},"image":{"@id":"https:\/\/joule.quattro.dev\/fr\/#\/schema\/logo\/image\/"}}]}},"_links":{"self":[{"href":"https:\/\/joule.quattro.dev\/fr\/wp-json\/wp\/v2\/pages\/6601","targetHints":{"allow":["GET"]}}],"collection":[{"href":"https:\/\/joule.quattro.dev\/fr\/wp-json\/wp\/v2\/pages"}],"about":[{"href":"https:\/\/joule.quattro.dev\/fr\/wp-json\/wp\/v2\/types\/page"}],"author":[{"embeddable":true,"href":"https:\/\/joule.quattro.dev\/fr\/wp-json\/wp\/v2\/users\/1"}],"replies":[{"embeddable":true,"href":"https:\/\/joule.quattro.dev\/fr\/wp-json\/wp\/v2\/comments?post=6601"}],"version-history":[{"count":4,"href":"https:\/\/joule.quattro.dev\/fr\/wp-json\/wp\/v2\/pages\/6601\/revisions"}],"predecessor-version":[{"id":6862,"href":"https:\/\/joule.quattro.dev\/fr\/wp-json\/wp\/v2\/pages\/6601\/revisions\/6862"}],"wp:attachment":[{"href":"https:\/\/joule.quattro.dev\/fr\/wp-json\/wp\/v2\/media?parent=6601"}],"curies":[{"name":"wp","href":"https:\/\/api.w.org\/{rel}","templated":true}]}}